{"id":7495,"date":"2024-01-31T13:38:27","date_gmt":"2024-01-31T12:38:27","guid":{"rendered":"https:\/\/usurbil1936.eus\/la-cruz\/"},"modified":"2024-03-15T19:48:45","modified_gmt":"2024-03-15T18:48:45","slug":"la-cruz","status":"publish","type":"page","link":"https:\/\/usurbil1936.eus\/es\/rutas\/ruta-de-la-memoria-de-andatza\/la-cruz\/","title":{"rendered":"La cruz"},"content":{"rendered":"\n<h2 class=\"wp-block-heading has-text-align-left\"><strong>La cruz de Andatza <\/strong><\/h2>\n\n<div class=\"wp-block-columns is-layout-flex wp-container-core-columns-is-layout-28f84493 wp-block-columns-is-layout-flex\">\n<div class=\"wp-block-column is-layout-flow wp-block-column-is-layout-flow\" style=\"flex-basis:66.66%\">\n<p>La cruz y la placa de hierro colocada en su base fue instalada por los mendigoizaleak y numerosos vecinos\/as de Usurbil el 3 de mayo de 1933. La construyeron j\u00f3venes del batzoki del PNV en el bajo de la casa Arrueneaberri situada en la calle Etxebeste, n\u00ba 3 y fue llevada hasta el monte con ayuda de bueyes.<\/p>\n\n\n\n<p>En aquellos a\u00f1os la cima del Andatza era de propiedad estatal y en vez de colocarla all\u00ed, como sol\u00eda ser habitual, lo hicieron en <strong>terrenos de la familia Zatarain<\/strong> de Txokoalde, a 482 metros de altura y dirigida hacia Usurbil. En esa \u00e9poca estaba vigente la Rep\u00fablica laica y tem\u00edan que no se les permitiera instalarla en terreno p\u00fablico o que la retiraran. Es por ello que se instal\u00f3 en terrenos propiedad del nacionalista Ambrosio Zatarain Goia. <\/p>\n<\/div>\n\n\n\n<div class=\"wp-block-column is-layout-flow wp-block-column-is-layout-flow\" style=\"flex-basis:33.33%\">\n<figure class=\"wp-block-image size-full\"><img loading=\"lazy\" decoding=\"async\" width=\"800\" height=\"1100\" src=\"https:\/\/usurbil1936.eus\/wp-content\/uploads\/2024\/01\/andatza_gurutzea_1.jpeg\" alt=\"\" class=\"wp-image-7317\" srcset=\"https:\/\/usurbil1936.eus\/wp-content\/uploads\/2024\/01\/andatza_gurutzea_1.jpeg 800w, https:\/\/usurbil1936.eus\/wp-content\/uploads\/2024\/01\/andatza_gurutzea_1-218x300.jpeg 218w, https:\/\/usurbil1936.eus\/wp-content\/uploads\/2024\/01\/andatza_gurutzea_1-745x1024.jpeg 745w, https:\/\/usurbil1936.eus\/wp-content\/uploads\/2024\/01\/andatza_gurutzea_1-768x1056.jpeg 768w\" sizes=\"auto, (max-width: 800px) 100vw, 800px\" \/><\/figure>\n<\/div>\n<\/div>\n\n<h3 class=\"wp-block-heading\"><strong>Placa retirada<\/strong> <\/h3>\n\n<div class=\"wp-block-columns is-layout-flex wp-container-core-columns-is-layout-28f84493 wp-block-columns-is-layout-flex\">\n<div class=\"wp-block-column is-vertically-aligned-top is-layout-flow wp-block-column-is-layout-flow\" style=\"flex-basis:66.66%\">\n<p>Tras ganar los fascistas la guerra que originaron con el golpe de estado militar de 1936 e imponer su r\u00e9gimen, un baserritarra retir\u00f3 la placa y la escondi\u00f3. Fue recolocada despu\u00e9s de la muerte del dictador Franco en 1975.<\/p>\n<\/div>\n\n\n\n<div class=\"wp-block-column is-vertically-aligned-top is-layout-flow wp-block-column-is-layout-flow\" style=\"flex-basis:33.33%\">\n<figure class=\"wp-block-image size-full\"><img loading=\"lazy\" decoding=\"async\" width=\"300\" height=\"225\" src=\"https:\/\/usurbil1936.eus\/wp-content\/uploads\/2024\/01\/andatza_gurutzea_2-1.png\" alt=\"\" class=\"wp-image-7319\"\/><\/figure>\n<\/div>\n<\/div>\n\n<figure class=\"wp-block-image size-full\"><img loading=\"lazy\" decoding=\"async\" width=\"1024\" height=\"619\" src=\"https:\/\/usurbil1936.eus\/wp-content\/uploads\/2024\/03\/image.jpeg\" alt=\"Esta imagen tiene el atributo alt vac&#xED;o; su nombre de archivo es andaza_glandulo_3-1024x619.jpeg\" class=\"wp-image-7451\" srcset=\"https:\/\/usurbil1936.eus\/wp-content\/uploads\/2024\/03\/image.jpeg 1024w, https:\/\/usurbil1936.eus\/wp-content\/uploads\/2024\/03\/image-300x181.jpeg 300w, https:\/\/usurbil1936.eus\/wp-content\/uploads\/2024\/03\/image-768x464.jpeg 768w\" sizes=\"auto, (max-width: 1024px) 100vw, 1024px\" \/><figcaption class=\"wp-element-caption\">La fotograf\u00eda fue tomada junto a la ermita de San Esteban el 3 de mayo de 1933, el mismo d\u00eda que se coloc\u00f3 la cruz de Andatza. En ella aparecen <strong>cuatro usurbildarras<\/strong> <strong>que fueron ejecutados por los golpistas<\/strong> en octubre de 1936: el aginagarra Joxe Mari Furundarena (1); Bautista Aginaga de Gazta\u00f1aga (2); Koxme Yaguez, maestro de Zubieta (3) y Patxi Aizpurua del caser\u00edo Zabalea (4). <strong>Todos ellos eran militantes de EAJ-PNV.<\/strong> <\/figcaption><\/figure>\n","protected":false},"excerpt":{"rendered":"<p>La cruz de Andatza La cruz y la placa de hierro colocada en su base fue instalada por los mendigoizaleak y numerosos vecinos\/as de Usurbil el 3 de mayo de 1933. La construyeron j\u00f3venes del batzoki del PNV en el bajo de la casa Arrueneaberri situada en la calle Etxebeste, n\u00ba 3 y fue llevada [&hellip;]<\/p>\n","protected":false},"author":1,"featured_media":0,"parent":7508,"menu_order":0,"comment_status":"closed","ping_status":"closed","template":"page-ibilbidea.php","meta":{"footnotes":""},"class_list":["post-7495","page","type-page","status-publish","hentry"],"acf":[],"_links":{"self":[{"href":"https:\/\/usurbil1936.eus\/es\/wp-json\/wp\/v2\/pages\/7495","targetHints":{"allow":["GET"]}}],"collection":[{"href":"https:\/\/usurbil1936.eus\/es\/wp-json\/wp\/v2\/pages"}],"about":[{"href":"https:\/\/usurbil1936.eus\/es\/wp-json\/wp\/v2\/types\/page"}],"author":[{"embeddable":true,"href":"https:\/\/usurbil1936.eus\/es\/wp-json\/wp\/v2\/users\/1"}],"replies":[{"embeddable":true,"href":"https:\/\/usurbil1936.eus\/es\/wp-json\/wp\/v2\/comments?post=7495"}],"version-history":[{"count":3,"href":"https:\/\/usurbil1936.eus\/es\/wp-json\/wp\/v2\/pages\/7495\/revisions"}],"predecessor-version":[{"id":7498,"href":"https:\/\/usurbil1936.eus\/es\/wp-json\/wp\/v2\/pages\/7495\/revisions\/7498"}],"up":[{"embeddable":true,"href":"https:\/\/usurbil1936.eus\/es\/wp-json\/wp\/v2\/pages\/7508"}],"wp:attachment":[{"href":"https:\/\/usurbil1936.eus\/es\/wp-json\/wp\/v2\/media?parent=7495"}],"curies":[{"name":"wp","href":"https:\/\/api.w.org\/{rel}","templated":true}]}}