{"id":7991,"date":"2024-08-19T11:45:47","date_gmt":"2024-08-19T09:45:47","guid":{"rendered":"https:\/\/usurbil1936.eus\/kontzeju-txiki\/"},"modified":"2024-10-08T22:36:03","modified_gmt":"2024-10-08T20:36:03","slug":"kontzeju-txiki","status":"publish","type":"page","link":"https:\/\/usurbil1936.eus\/es\/rutas\/ruta-de-la-memoria\/kontzeju-txiki\/","title":{"rendered":"Kontzeju Txiki"},"content":{"rendered":"\n<h2 class=\"wp-block-heading\">1 &#8211; Kontzeju Txiki. V\u00edsperas de la Guerra <\/h2>\n\n\n\n<p>Al estallar la guerra de 1936, Usurbil ten\u00eda una poblaci\u00f3n de unos 2.100 habitantes. En el plano econ\u00f3mico era un pueblo eminentemente rural y contaba con unas pocas f\u00e1bricas industriales, la m\u00e1s importante, Michel\u00edn, reci\u00e9n fundada en 1934.<\/p>\n\n\n\n<p>Pol\u00edticamente, los tres movimientos m\u00e1s destacados eran el de los nacionalistas del PNV, el de izquierdas y el de los mon\u00e1rquico-carlistas. <\/p>\n\n\n\n<p>En el estado espa\u00f1ol, el gobierno de la II Rep\u00fablica constituido tres a\u00f1os antes, estaba en manos de la derecha desde las elecciones de noviembre de 1933. Era una \u00e9poca de gran agitaci\u00f3n pol\u00edtica. El ambiente empeor\u00f3 a\u00fan m\u00e1s con el intento de revoluci\u00f3n de octubre de 1934. Aunque los conflictos m\u00e1s importantes se produjeron en Asturies y Catalunya, tuvieron su reflejo en el Pa\u00eds Vasco y, por ende, tambi\u00e9n en Usurbil.    <\/p>\n\n\n\n<figure class=\"wp-block-gallery has-nested-images columns-default is-cropped wp-block-gallery-1 is-layout-flex wp-block-gallery-is-layout-flex\">\n<figure class=\"wp-block-image size-large\"><a href=\"https:\/\/usurbil1936.eus\/wp-content\/uploads\/2024\/08\/Ibilbidea-00001-1024x527.jpg\"><img loading=\"lazy\" decoding=\"async\" width=\"1024\" height=\"527\" data-id=\"7809\" src=\"https:\/\/usurbil1936.eus\/wp-content\/uploads\/2024\/08\/Ibilbidea-00001-1024x527.jpg\" alt=\"\" class=\"wp-image-7809\" srcset=\"https:\/\/usurbil1936.eus\/wp-content\/uploads\/2024\/08\/Ibilbidea-00001-1024x527.jpg 1024w, https:\/\/usurbil1936.eus\/wp-content\/uploads\/2024\/08\/Ibilbidea-00001-300x154.jpg 300w, https:\/\/usurbil1936.eus\/wp-content\/uploads\/2024\/08\/Ibilbidea-00001-768x395.jpg 768w, https:\/\/usurbil1936.eus\/wp-content\/uploads\/2024\/08\/Ibilbidea-00001.jpg 1294w\" sizes=\"auto, (max-width: 1024px) 100vw, 1024px\" \/><\/a><\/figure>\n<\/figure>\n\n\n\n<p>En los a\u00f1os siguientes la situaci\u00f3n no se calm\u00f3. Las disputas entre los tres grandes bloques pol\u00edticos \u2013Frente Popular, PNV y Coalici\u00f3n Contrarrevolucionaria (falange + mon\u00e1rquicos + requet\u00e9s)\u2013 eran frecuentes, sobre todo en \u00e9poca electoral. <\/p>\n\n\n\n<figure class=\"wp-block-gallery has-nested-images columns-default is-cropped wp-block-gallery-2 is-layout-flex wp-block-gallery-is-layout-flex\">\n<figure class=\"wp-block-image size-full\"><a href=\"https:\/\/usurbil1936.eus\/wp-content\/uploads\/2024\/08\/Ibilbidea-00017.jpg\"><img loading=\"lazy\" decoding=\"async\" width=\"290\" height=\"427\" data-id=\"7807\" src=\"https:\/\/usurbil1936.eus\/wp-content\/uploads\/2024\/08\/Ibilbidea-00017.jpg\" alt=\"\" class=\"wp-image-7807\" srcset=\"https:\/\/usurbil1936.eus\/wp-content\/uploads\/2024\/08\/Ibilbidea-00017.jpg 290w, https:\/\/usurbil1936.eus\/wp-content\/uploads\/2024\/08\/Ibilbidea-00017-204x300.jpg 204w\" sizes=\"auto, (max-width: 290px) 100vw, 290px\" \/><\/a><\/figure>\n<\/figure>\n\n\n\n<p>Nos encontramos frente a lo que era el batzoki del PNV de Usurbil. En torno a esta casa tambi\u00e9n se produjeron hechos conflictivos, tanto en v\u00edsperas de la guerra como durante la misma. En febrero de 1936, por ejemplo, se produjo un robo y el 12 de septiembre del mismo a\u00f1o, cuando los golpistas estaban a punto de tomar el pueblo, un jeltzale result\u00f3 herido de bala.<\/p>\n\n\n\n<p>Tras la entrada de las tropas golpistas en Usurbil, los carlistas de Comuni\u00f3n Tradicionalista se apoderaron de esta sede que hasta entonces hab\u00eda sido el centro de los nacionalistas.<\/p>\n","protected":false},"excerpt":{"rendered":"<p>1 &#8211; Kontzeju Txiki. V\u00edsperas de la Guerra Al estallar la guerra de 1936, Usurbil ten\u00eda una poblaci\u00f3n de unos 2.100 habitantes. En el plano econ\u00f3mico era un pueblo eminentemente rural y contaba con unas pocas f\u00e1bricas industriales, la m\u00e1s importante, Michel\u00edn, reci\u00e9n fundada en 1934. Pol\u00edticamente, los tres movimientos m\u00e1s destacados eran el de [&hellip;]<\/p>\n","protected":false},"author":1,"featured_media":0,"parent":8007,"menu_order":0,"comment_status":"closed","ping_status":"closed","template":"page-ibilbidea.php","meta":{"footnotes":""},"class_list":["post-7991","page","type-page","status-publish","hentry"],"acf":[],"_links":{"self":[{"href":"https:\/\/usurbil1936.eus\/es\/wp-json\/wp\/v2\/pages\/7991","targetHints":{"allow":["GET"]}}],"collection":[{"href":"https:\/\/usurbil1936.eus\/es\/wp-json\/wp\/v2\/pages"}],"about":[{"href":"https:\/\/usurbil1936.eus\/es\/wp-json\/wp\/v2\/types\/page"}],"author":[{"embeddable":true,"href":"https:\/\/usurbil1936.eus\/es\/wp-json\/wp\/v2\/users\/1"}],"replies":[{"embeddable":true,"href":"https:\/\/usurbil1936.eus\/es\/wp-json\/wp\/v2\/comments?post=7991"}],"version-history":[{"count":3,"href":"https:\/\/usurbil1936.eus\/es\/wp-json\/wp\/v2\/pages\/7991\/revisions"}],"predecessor-version":[{"id":8050,"href":"https:\/\/usurbil1936.eus\/es\/wp-json\/wp\/v2\/pages\/7991\/revisions\/8050"}],"up":[{"embeddable":true,"href":"https:\/\/usurbil1936.eus\/es\/wp-json\/wp\/v2\/pages\/8007"}],"wp:attachment":[{"href":"https:\/\/usurbil1936.eus\/es\/wp-json\/wp\/v2\/media?parent=7991"}],"curies":[{"name":"wp","href":"https:\/\/api.w.org\/{rel}","templated":true}]}}