{"id":7993,"date":"2024-08-19T11:57:26","date_gmt":"2024-08-19T09:57:26","guid":{"rendered":"https:\/\/usurbil1936.eus\/fronton-sutegi\/"},"modified":"2024-10-05T16:44:10","modified_gmt":"2024-10-05T14:44:10","slug":"fronton-sutegi","status":"publish","type":"page","link":"https:\/\/usurbil1936.eus\/es\/rutas\/ruta-de-la-memoria\/fronton-sutegi\/","title":{"rendered":"Front\u00f3n-Sutegi"},"content":{"rendered":"\n<h2 class=\"wp-block-heading\">2 &#8211; Front\u00f3n-Sutegi. La guerra en Usurbil  <\/h2>\n\n<p>Como el intento de golpe de Estado del 18 de julio de 1936 no logr\u00f3 su objetivo, el Estado espa\u00f1ol se sumergi\u00f3 en una guerra que durar\u00eda casi tres a\u00f1os. La derecha y los carlistas apoyaron a los golpistas y los de izquierda y abertzales, dejaron de lado sus enfrentamientos y se alinearon en defensa de la Rep\u00fablica. <\/p>\n\n<p>En los pueblos surgieron Comisar\u00edas de Defensa \u2013milicias\u2013 para hacer frente a los fascistas. En Usurbil se inscribieron 46 voluntarios, la mayor\u00eda vecinos del pueblo pero tambi\u00e9n de otros pueblos de los alrededores. La comisar\u00eda de Usurbil estaba compuesta por miembros de diferentes partidos y sindicatos: PNV, PC, Izquierda Republicana, EAE-ANV, UGT, SOV-ELA y tambi\u00e9n de milicianos sin afiliaci\u00f3n  <\/p>\n\n<figure class=\"wp-block-gallery has-nested-images columns-default is-cropped wp-block-gallery-1 is-layout-flex wp-block-gallery-is-layout-flex\">\n<figure class=\"wp-block-image size-large\"><a href=\"https:\/\/usurbil1936.eus\/wp-content\/uploads\/2024\/08\/Ibilbidea-00016.gif\"><img loading=\"lazy\" decoding=\"async\" width=\"260\" height=\"319\" data-id=\"7805\" src=\"https:\/\/usurbil1936.eus\/wp-content\/uploads\/2024\/08\/Ibilbidea-00016.gif\" alt=\"\" class=\"wp-image-7805\"\/><\/a><\/figure>\n\n\n\n<figure class=\"wp-block-image size-large\"><a href=\"https:\/\/usurbil1936.eus\/wp-content\/uploads\/2024\/08\/Ibilbidea-00014.gif\"><img loading=\"lazy\" decoding=\"async\" width=\"341\" height=\"410\" data-id=\"7801\" src=\"https:\/\/usurbil1936.eus\/wp-content\/uploads\/2024\/08\/Ibilbidea-00014.gif\" alt=\"\" class=\"wp-image-7801\"\/><\/a><\/figure>\n<\/figure>\n\n<p>En esta plaza se reun\u00edan para organizar la defensa en Usurbil y apoyar, sobre todo log\u00edsticamente, a los frentes de los montes Bordatxo-Arratzain y <a href=\"https:\/\/usurbil1936.eus\/gudalekuak\/andatzako-lubakiak\/\">Andatza.<\/a> <\/p>\n\n<figure class=\"wp-block-gallery has-nested-images columns-default is-cropped wp-block-gallery-2 is-layout-flex wp-block-gallery-is-layout-flex\">\n<figure class=\"wp-block-image size-large\"><a href=\"https:\/\/usurbil1936.eus\/wp-content\/uploads\/2024\/08\/Ibilbidea-00013.png\"><img loading=\"lazy\" decoding=\"async\" width=\"881\" height=\"641\" data-id=\"7799\" src=\"https:\/\/usurbil1936.eus\/wp-content\/uploads\/2024\/08\/Ibilbidea-00013.png\" alt=\"\" class=\"wp-image-7799\" srcset=\"https:\/\/usurbil1936.eus\/wp-content\/uploads\/2024\/08\/Ibilbidea-00013.png 881w, https:\/\/usurbil1936.eus\/wp-content\/uploads\/2024\/08\/Ibilbidea-00013-300x218.png 300w, https:\/\/usurbil1936.eus\/wp-content\/uploads\/2024\/08\/Ibilbidea-00013-768x559.png 768w\" sizes=\"auto, (max-width: 881px) 100vw, 881px\" \/><\/a><\/figure>\n<\/figure>\n\n<p>A la derecha del front\u00f3n, en la calle Irazu se encontraba el edificio denominado Misericordia (actualmente Sutegi Kultur Etxea). En aquella \u00e9poca era una casa de Asilo y all\u00ed fueron atendidos varios heridos de diversa consideraci\u00f3n. Entre ellos, fueron trasladados los heridos por un ca\u00f1onazo lanzado por los fascistas desde la zona de Txaldatxur a la posici\u00f3n de los republicanos en el caser\u00edo Usasku. Al menos dos de ellos fallecieron ah\u00ed.    <\/p>\n","protected":false},"excerpt":{"rendered":"<p>2 &#8211; Front\u00f3n-Sutegi. La guerra en Usurbil Como el intento de golpe de Estado del 18 de julio de 1936 no logr\u00f3 su objetivo, el Estado espa\u00f1ol se sumergi\u00f3 en una guerra que durar\u00eda casi tres a\u00f1os. La derecha y los carlistas apoyaron a los golpistas y los de izquierda y abertzales, dejaron de lado [&hellip;]<\/p>\n","protected":false},"author":1,"featured_media":0,"parent":8007,"menu_order":0,"comment_status":"closed","ping_status":"closed","template":"page-ibilbidea.php","meta":{"footnotes":""},"class_list":["post-7993","page","type-page","status-publish","hentry"],"acf":[],"_links":{"self":[{"href":"https:\/\/usurbil1936.eus\/es\/wp-json\/wp\/v2\/pages\/7993","targetHints":{"allow":["GET"]}}],"collection":[{"href":"https:\/\/usurbil1936.eus\/es\/wp-json\/wp\/v2\/pages"}],"about":[{"href":"https:\/\/usurbil1936.eus\/es\/wp-json\/wp\/v2\/types\/page"}],"author":[{"embeddable":true,"href":"https:\/\/usurbil1936.eus\/es\/wp-json\/wp\/v2\/users\/1"}],"replies":[{"embeddable":true,"href":"https:\/\/usurbil1936.eus\/es\/wp-json\/wp\/v2\/comments?post=7993"}],"version-history":[{"count":3,"href":"https:\/\/usurbil1936.eus\/es\/wp-json\/wp\/v2\/pages\/7993\/revisions"}],"predecessor-version":[{"id":8044,"href":"https:\/\/usurbil1936.eus\/es\/wp-json\/wp\/v2\/pages\/7993\/revisions\/8044"}],"up":[{"embeddable":true,"href":"https:\/\/usurbil1936.eus\/es\/wp-json\/wp\/v2\/pages\/8007"}],"wp:attachment":[{"href":"https:\/\/usurbil1936.eus\/es\/wp-json\/wp\/v2\/media?parent=7993"}],"curies":[{"name":"wp","href":"https:\/\/api.w.org\/{rel}","templated":true}]}}