{"id":7995,"date":"2024-08-19T11:59:45","date_gmt":"2024-08-19T09:59:45","guid":{"rendered":"https:\/\/usurbil1936.eus\/palacio-de-saroe\/"},"modified":"2024-10-08T22:40:13","modified_gmt":"2024-10-08T20:40:13","slug":"palacio-de-saroe","status":"publish","type":"page","link":"https:\/\/usurbil1936.eus\/es\/rutas\/ruta-de-la-memoria\/palacio-de-saroe\/","title":{"rendered":"Palacio de Saroe"},"content":{"rendered":"\n<h2 class=\"wp-block-heading\">3 &#8211; Palacio de Saroe. Cuartel de los republicanos  <\/h2>\n\n\n\n<p>Este palacio del siglo XVII es propiedad del marquesado de Murua y en 1936 la familia viv\u00eda en \u00e9l. Cuando empez\u00f3 la guerra, se marcharon y la milicia republicana estableci\u00f3 aqu\u00ed su cuartel. Sobre todo eran milicianos nacionalistas quienes se acuartelaron en la parte baja para, de paso, proteger el propio edificio ya que tem\u00edan que sus aliados \u201crojos\u201d pudieran causar destrozos.    <em> <\/em><\/p>\n\n\n\n<figure class=\"wp-block-gallery has-nested-images columns-default is-cropped wp-block-gallery-1 is-layout-flex wp-block-gallery-is-layout-flex\">\n<figure class=\"wp-block-image size-large\"><a href=\"https:\/\/usurbil1936.eus\/wp-content\/uploads\/2024\/08\/Ibilbidea-00012-633x1024.jpg\"><img loading=\"lazy\" decoding=\"async\" width=\"633\" height=\"1024\" data-id=\"7797\" src=\"https:\/\/usurbil1936.eus\/wp-content\/uploads\/2024\/08\/Ibilbidea-00012-633x1024.jpg\" alt=\"\" class=\"wp-image-7797\" srcset=\"https:\/\/usurbil1936.eus\/wp-content\/uploads\/2024\/08\/Ibilbidea-00012-633x1024.jpg 633w, https:\/\/usurbil1936.eus\/wp-content\/uploads\/2024\/08\/Ibilbidea-00012-185x300.jpg 185w, https:\/\/usurbil1936.eus\/wp-content\/uploads\/2024\/08\/Ibilbidea-00012-768x1243.jpg 768w, https:\/\/usurbil1936.eus\/wp-content\/uploads\/2024\/08\/Ibilbidea-00012.jpg 848w\" sizes=\"auto, (max-width: 633px) 100vw, 633px\" \/><\/a><\/figure>\n<\/figure>\n\n\n\n<p>Dado que esta calle era entonces la carretera principal, instalaron un punto de control a la altura del palacio. Los milicianos contaban con pocas armas, muchas veces una escopeta de caza propia. S\u00f3lo los que ten\u00edan alg\u00fan grado de autoridad llevaban pistolas o armas de guerra.   <\/p>\n\n\n\n<p>El 12 de septiembre se produjo un episodio muy violento en esta casa. El guarda forestal de Hernani <a href=\"https:\/\/usurbil1936.eus\/pertsonak\/barrenechea-azpeitia-jose\/\">Jose Barrenetxea<\/a> sigui\u00f3 hasta aqu\u00ed al miliciano comunista <a href=\"https:\/\/usurbil1936.eus\/pertsonak\/martinez-magallon-cesareo\/\">Cesareo Martinez<\/a> por los destrozos que, supuestamente, hab\u00eda cometido all\u00ed. Este \u00faltimo entr\u00f3 en el huerto del palacio perseguido por el guarda y, en el enfrentamiento, mat\u00f3 al miliciano. Acto seguido, el propio guarda result\u00f3 muerto por los republicanos que se encontraban acuartelados aqu\u00ed.    <\/p>\n\n\n\n<p>Esta carretera fue testigo, asimismo, del \u00e9xodo de miles de ciudadanos que abandonaron San Sebasti\u00e1n cuando estaba a punto de caer en manos de los golpistas.<\/p>\n\n\n\n<p>Cuando las tropas sublevadas se apoderaron de Usurbil, el palacio Saroe se convirti\u00f3 en su centro de operaciones durante varias semanas. La familia Murua regres\u00f3 despu\u00e9s al palacio. <\/p>\n\n\n\n<p>La calle que desciende (San Esteban) fue durante largos a\u00f1os la calle <a href=\"https:\/\/usurbil1936.eus\/pertsonak\/soroa-berrotaran-nicasio-luis\/\"> Luis Soroa<\/a> un requet\u00e9 usurbildarra de 18 a\u00f1os que muri\u00f3 en la batalla de Lemoa el 14\/06\/1937. Fue considerado como un h\u00e9roe por los golpistas y en su honor se asign\u00f3 su nombre a esa calle.<\/p>\n","protected":false},"excerpt":{"rendered":"<p>3 &#8211; Palacio de Saroe. Cuartel de los republicanos Este palacio del siglo XVII es propiedad del marquesado de Murua y en 1936 la familia viv\u00eda en \u00e9l. Cuando empez\u00f3 la guerra, se marcharon y la milicia republicana estableci\u00f3 aqu\u00ed su cuartel. Sobre todo eran milicianos nacionalistas quienes se acuartelaron en la parte baja para, [&hellip;]<\/p>\n","protected":false},"author":1,"featured_media":0,"parent":8007,"menu_order":0,"comment_status":"closed","ping_status":"closed","template":"page-ibilbidea.php","meta":{"footnotes":""},"class_list":["post-7995","page","type-page","status-publish","hentry"],"acf":[],"_links":{"self":[{"href":"https:\/\/usurbil1936.eus\/es\/wp-json\/wp\/v2\/pages\/7995","targetHints":{"allow":["GET"]}}],"collection":[{"href":"https:\/\/usurbil1936.eus\/es\/wp-json\/wp\/v2\/pages"}],"about":[{"href":"https:\/\/usurbil1936.eus\/es\/wp-json\/wp\/v2\/types\/page"}],"author":[{"embeddable":true,"href":"https:\/\/usurbil1936.eus\/es\/wp-json\/wp\/v2\/users\/1"}],"replies":[{"embeddable":true,"href":"https:\/\/usurbil1936.eus\/es\/wp-json\/wp\/v2\/comments?post=7995"}],"version-history":[{"count":6,"href":"https:\/\/usurbil1936.eus\/es\/wp-json\/wp\/v2\/pages\/7995\/revisions"}],"predecessor-version":[{"id":8051,"href":"https:\/\/usurbil1936.eus\/es\/wp-json\/wp\/v2\/pages\/7995\/revisions\/8051"}],"up":[{"embeddable":true,"href":"https:\/\/usurbil1936.eus\/es\/wp-json\/wp\/v2\/pages\/8007"}],"wp:attachment":[{"href":"https:\/\/usurbil1936.eus\/es\/wp-json\/wp\/v2\/media?parent=7995"}],"curies":[{"name":"wp","href":"https:\/\/api.w.org\/{rel}","templated":true}]}}