{"id":8003,"date":"2024-08-19T12:07:18","date_gmt":"2024-08-19T10:07:18","guid":{"rendered":"https:\/\/usurbil1936.eus\/sutegi\/"},"modified":"2024-10-01T23:20:01","modified_gmt":"2024-10-01T21:20:01","slug":"sutegi","status":"publish","type":"page","link":"https:\/\/usurbil1936.eus\/es\/rutas\/ruta-de-la-memoria\/sutegi\/","title":{"rendered":"Sutegi"},"content":{"rendered":"\n<h2 class=\"wp-block-heading\">7 &#8211; Sutegi. Material b\u00e9lico <\/h2>\n\n<p>Las labores de recuperaci\u00f3n de las trincheras del frente de Andatza se realizaron durante el verano de 2022 y 2023, bajo la direcci\u00f3n de un equipo de arque\u00f3logos. Miembros de la asociaci\u00f3n y un grupo de vecinos y vecinas tambi\u00e9n trabajaron en auzolan para sacar a la luz estos espacios b\u00e9licos ocultos y dar a conocer esa parte de nuestra historia. <\/p>\n\n<figure class=\"wp-block-gallery has-nested-images columns-default is-cropped wp-block-gallery-1 is-layout-flex wp-block-gallery-is-layout-flex\">\n<figure class=\"wp-block-image size-large\"><img loading=\"lazy\" decoding=\"async\" width=\"1024\" height=\"576\" data-id=\"7783\" src=\"https:\/\/usurbil1936.eus\/wp-content\/uploads\/2024\/08\/Ibilbidea-00005-1024x576.jpg\" alt=\"\" class=\"wp-image-7783\" srcset=\"https:\/\/usurbil1936.eus\/wp-content\/uploads\/2024\/08\/Ibilbidea-00005-1024x576.jpg 1024w, https:\/\/usurbil1936.eus\/wp-content\/uploads\/2024\/08\/Ibilbidea-00005-300x169.jpg 300w, https:\/\/usurbil1936.eus\/wp-content\/uploads\/2024\/08\/Ibilbidea-00005-768x432.jpg 768w, https:\/\/usurbil1936.eus\/wp-content\/uploads\/2024\/08\/Ibilbidea-00005.jpg 1386w\" sizes=\"auto, (max-width: 1024px) 100vw, 1024px\" \/><\/figure>\n<\/figure>\n\n<p>En Andatza se exploraron las trincheras m\u00e1s importantes localizadas hasta el momento y en esta vitrina se han expuesto algunos de los materiales encontrados en las mismas. Es de destacar que en una de esas trincheras, la que hemos denominado T-4, se recuperaron m\u00e1s de 800 piezas, la mayor\u00eda de ellas casquillos de balas, pero tambi\u00e9n trozos de platos, el mango de un bast\u00f3n con forma de \u00e1guila, trozos de cuero\u2026  <\/p>\n\n<p>En esta vitrina se pueden ver las piezas m\u00e1s representativas del frente Andatza y otras m\u00e1s. <\/p>\n\n<figure class=\"wp-block-gallery has-nested-images columns-default is-cropped wp-block-gallery-2 is-layout-flex wp-block-gallery-is-layout-flex\">\n<figure class=\"wp-block-image size-large\"><img loading=\"lazy\" decoding=\"async\" width=\"1024\" height=\"683\" data-id=\"7781\" src=\"https:\/\/usurbil1936.eus\/wp-content\/uploads\/2024\/08\/Ibilbidea-00004.jpg\" alt=\"\" class=\"wp-image-7781\" srcset=\"https:\/\/usurbil1936.eus\/wp-content\/uploads\/2024\/08\/Ibilbidea-00004.jpg 1024w, https:\/\/usurbil1936.eus\/wp-content\/uploads\/2024\/08\/Ibilbidea-00004-300x200.jpg 300w, https:\/\/usurbil1936.eus\/wp-content\/uploads\/2024\/08\/Ibilbidea-00004-768x512.jpg 768w\" sizes=\"auto, (max-width: 1024px) 100vw, 1024px\" \/><figcaption class=\"wp-element-caption\"><strong>Fotograf\u00eda: Ibai Arrieta<\/strong><\/figcaption><\/figure>\n<\/figure>\n\n<p>V\u00eddeo de los trabajos arqueol\u00f3gicos: <a href=\"https:\/\/youtu.be\/4zZvU5QN5_E\" data-type=\"link\" data-id=\"https:\/\/youtu.be\/4zZvU5QN5_E\">Andatzako Lubakiak 1936-2024<\/a><\/p>\n","protected":false},"excerpt":{"rendered":"<p>7 &#8211; Sutegi. Material b\u00e9lico Las labores de recuperaci\u00f3n de las trincheras del frente de Andatza se realizaron durante el verano de 2022 y 2023, bajo la direcci\u00f3n de un equipo de arque\u00f3logos. Miembros de la asociaci\u00f3n y un grupo de vecinos y vecinas tambi\u00e9n trabajaron en auzolan para sacar a la luz estos espacios [&hellip;]<\/p>\n","protected":false},"author":1,"featured_media":0,"parent":8007,"menu_order":0,"comment_status":"closed","ping_status":"closed","template":"page-ibilbidea.php","meta":{"footnotes":""},"class_list":["post-8003","page","type-page","status-publish","hentry"],"acf":[],"_links":{"self":[{"href":"https:\/\/usurbil1936.eus\/es\/wp-json\/wp\/v2\/pages\/8003","targetHints":{"allow":["GET"]}}],"collection":[{"href":"https:\/\/usurbil1936.eus\/es\/wp-json\/wp\/v2\/pages"}],"about":[{"href":"https:\/\/usurbil1936.eus\/es\/wp-json\/wp\/v2\/types\/page"}],"author":[{"embeddable":true,"href":"https:\/\/usurbil1936.eus\/es\/wp-json\/wp\/v2\/users\/1"}],"replies":[{"embeddable":true,"href":"https:\/\/usurbil1936.eus\/es\/wp-json\/wp\/v2\/comments?post=8003"}],"version-history":[{"count":1,"href":"https:\/\/usurbil1936.eus\/es\/wp-json\/wp\/v2\/pages\/8003\/revisions"}],"predecessor-version":[{"id":8004,"href":"https:\/\/usurbil1936.eus\/es\/wp-json\/wp\/v2\/pages\/8003\/revisions\/8004"}],"up":[{"embeddable":true,"href":"https:\/\/usurbil1936.eus\/es\/wp-json\/wp\/v2\/pages\/8007"}],"wp:attachment":[{"href":"https:\/\/usurbil1936.eus\/es\/wp-json\/wp\/v2\/media?parent=8003"}],"curies":[{"name":"wp","href":"https:\/\/api.w.org\/{rel}","templated":true}]}}