{"id":8005,"date":"2024-08-19T12:10:20","date_gmt":"2024-08-19T10:10:20","guid":{"rendered":"https:\/\/usurbil1936.eus\/ayuntamiento\/"},"modified":"2024-10-02T10:19:22","modified_gmt":"2024-10-02T08:19:22","slug":"ayuntamiento","status":"publish","type":"page","link":"https:\/\/usurbil1936.eus\/es\/rutas\/ruta-de-la-memoria\/ayuntamiento\/","title":{"rendered":"Ayuntamiento"},"content":{"rendered":"\n<h2 class=\"wp-block-heading\">8 &#8211; Ayuntamiento. Usurbil en manos de los golpistas. <\/h2>\n\n\n\n<p>El 17\/09\/1936, a las 16:00 de la tarde, la columna del comandante golpista Antonio Sagardia Ramos entr\u00f3 en Usurbil. A los tres d\u00edas, los fascistas designaron una junta municipal af\u00edn a su ideario y nombraron alcalde a Jos\u00e9 Antonio Maioz Manzisidor.<\/p>\n\n\n\n<figure class=\"wp-block-gallery has-nested-images columns-default is-cropped wp-block-gallery-1 is-layout-flex wp-block-gallery-is-layout-flex\">\n<figure class=\"wp-block-image size-large\"><a href=\"https:\/\/usurbil1936.eus\/wp-content\/uploads\/2024\/08\/Ibilbidea-00003-1024x711.jpg\"><img loading=\"lazy\" decoding=\"async\" width=\"1024\" height=\"711\" data-id=\"7779\" src=\"https:\/\/usurbil1936.eus\/wp-content\/uploads\/2024\/08\/Ibilbidea-00003-1024x711.jpg\" alt=\"\" class=\"wp-image-7779\" srcset=\"https:\/\/usurbil1936.eus\/wp-content\/uploads\/2024\/08\/Ibilbidea-00003-1024x711.jpg 1024w, https:\/\/usurbil1936.eus\/wp-content\/uploads\/2024\/08\/Ibilbidea-00003-300x208.jpg 300w, https:\/\/usurbil1936.eus\/wp-content\/uploads\/2024\/08\/Ibilbidea-00003-768x533.jpg 768w, https:\/\/usurbil1936.eus\/wp-content\/uploads\/2024\/08\/Ibilbidea-00003.jpg 1144w\" sizes=\"auto, (max-width: 1024px) 100vw, 1024px\" \/><\/a><\/figure>\n<\/figure>\n\n\n\n<p>Obviamente, la nueva corporaci\u00f3n enseguida empez\u00f3 a tomar decisiones adaptadas al \u201cnuevo r\u00e9gimen\u201d. Entre ellas, la colocaci\u00f3n de la estatua del Sagrado Coraz\u00f3n en el sal\u00f3n municipal y la bendici\u00f3n de las cruces de todas las escuelas (muestra del poder de la iglesia cat\u00f3lica que se convertir\u00eda en valedor del r\u00e9gimen fascista); aportaciones econ\u00f3micas a las estructuras del ej\u00e9rcito fascista para la construcci\u00f3n de nuevos buques de guerra como los acorazados \u2018Baleares\u2019 o \u2018Espa\u00f1a\u2019; tambi\u00e9n para los funerales en la iglesia del pueblo en honor del fallecido general fascista Emilio Mola, o para los festejos organizados por el C\u00edrculo Tradicionalista (carlistas) para agasajar a la bandera espa\u00f1ola.<\/p>\n\n\n\n<p>Adem\u00e1s, emprendieron la purga de varios empleados que trabajaban en la administraci\u00f3n municipal: maestras, m\u00e9dicos, enterradores, secretarios\u2026 Es de destacar que el secretario municipal, <a href=\"https:\/\/usurbil1936.eus\/pertsonak\/rekondo-irazu-dionisio\/\">Dionisio Rekondo Irazu<\/a> fue destituido y posteriormente desterrado por sus ideas nacionalistas. <\/p>\n\n\n\n<figure class=\"wp-block-gallery has-nested-images columns-default is-cropped wp-block-gallery-2 is-layout-flex wp-block-gallery-is-layout-flex\">\n<figure class=\"wp-block-image size-large\"><img loading=\"lazy\" decoding=\"async\" width=\"1024\" height=\"753\" data-id=\"7953\" src=\"https:\/\/usurbil1936.eus\/wp-content\/uploads\/2024\/09\/Udaletxe-zaharra-1024x753.jpg\" alt=\"\" class=\"wp-image-7953\" srcset=\"https:\/\/usurbil1936.eus\/wp-content\/uploads\/2024\/09\/Udaletxe-zaharra-1024x753.jpg 1024w, https:\/\/usurbil1936.eus\/wp-content\/uploads\/2024\/09\/Udaletxe-zaharra-300x221.jpg 300w, https:\/\/usurbil1936.eus\/wp-content\/uploads\/2024\/09\/Udaletxe-zaharra-768x565.jpg 768w, https:\/\/usurbil1936.eus\/wp-content\/uploads\/2024\/09\/Udaletxe-zaharra-1536x1130.jpg 1536w, https:\/\/usurbil1936.eus\/wp-content\/uploads\/2024\/09\/Udaletxe-zaharra-2048x1507.jpg 2048w\" sizes=\"auto, (max-width: 1024px) 100vw, 1024px\" \/><figcaption class=\"wp-element-caption\">Fotograf\u00eda: Kutxa Fototeka<\/figcaption><\/figure>\n<\/figure>\n\n\n\n<p>Una vez realizada la \u201climpieza\u201d y con el fin de reforzar las tropas golpistas en la guerra que a\u00fan continuaba, la corporaci\u00f3n organiz\u00f3 r\u00e1pidamente las llamadas a filas de los quintos. Muchos j\u00f3venes del pueblo fueron obligados bajo amenaza a alistarse, como \u2013<a href=\"https:\/\/usurbil1936.eus\/pertsonak\/mujica-salsamendi-julio\/\">Julio Mujika<\/a> o <a href=\"https:\/\/usurbil1936.eus\/pertsonak\/salsamendi-arruti-domingo\/\">Domingo Salsamendi<\/a>, y otros que no se presentaron fueron considerados desertores. <\/p>\n\n\n\n<p>A partir de ah\u00ed la historia es harto conocida: una dur\u00edsima dictadura de 40 a\u00f1os que, al igual que en otros pueblos de Euskal Herria y de todo el Estado espa\u00f1ol, condicion\u00f3 totalmente la vida de los y las usurbildarras.<\/p>\n","protected":false},"excerpt":{"rendered":"<p>8 &#8211; Ayuntamiento. Usurbil en manos de los golpistas. El 17\/09\/1936, a las 16:00 de la tarde, la columna del comandante golpista Antonio Sagardia Ramos entr\u00f3 en Usurbil. A los tres d\u00edas, los fascistas designaron una junta municipal af\u00edn a su ideario y nombraron alcalde a Jos\u00e9 Antonio Maioz Manzisidor. Obviamente, la nueva corporaci\u00f3n enseguida [&hellip;]<\/p>\n","protected":false},"author":1,"featured_media":0,"parent":8007,"menu_order":0,"comment_status":"closed","ping_status":"closed","template":"page-ibilbidea.php","meta":{"footnotes":""},"class_list":["post-8005","page","type-page","status-publish","hentry"],"acf":[],"_links":{"self":[{"href":"https:\/\/usurbil1936.eus\/es\/wp-json\/wp\/v2\/pages\/8005","targetHints":{"allow":["GET"]}}],"collection":[{"href":"https:\/\/usurbil1936.eus\/es\/wp-json\/wp\/v2\/pages"}],"about":[{"href":"https:\/\/usurbil1936.eus\/es\/wp-json\/wp\/v2\/types\/page"}],"author":[{"embeddable":true,"href":"https:\/\/usurbil1936.eus\/es\/wp-json\/wp\/v2\/users\/1"}],"replies":[{"embeddable":true,"href":"https:\/\/usurbil1936.eus\/es\/wp-json\/wp\/v2\/comments?post=8005"}],"version-history":[{"count":3,"href":"https:\/\/usurbil1936.eus\/es\/wp-json\/wp\/v2\/pages\/8005\/revisions"}],"predecessor-version":[{"id":8012,"href":"https:\/\/usurbil1936.eus\/es\/wp-json\/wp\/v2\/pages\/8005\/revisions\/8012"}],"up":[{"embeddable":true,"href":"https:\/\/usurbil1936.eus\/es\/wp-json\/wp\/v2\/pages\/8007"}],"wp:attachment":[{"href":"https:\/\/usurbil1936.eus\/es\/wp-json\/wp\/v2\/media?parent=8005"}],"curies":[{"name":"wp","href":"https:\/\/api.w.org\/{rel}","templated":true}]}}