{"id":8013,"date":"2024-08-19T12:05:28","date_gmt":"2024-08-19T10:05:28","guid":{"rendered":"https:\/\/usurbil1936.eus\/ruta-de-la-memoria\/terraza-del-bolatoki\/"},"modified":"2024-10-02T12:40:42","modified_gmt":"2024-10-02T10:40:42","slug":"terraza-del-bolatoki","status":"publish","type":"page","link":"https:\/\/usurbil1936.eus\/es\/rutas\/ruta-de-la-memoria\/terraza-del-bolatoki\/","title":{"rendered":"Terraza del Bolatoki"},"content":{"rendered":"\n<h2 class=\"wp-block-heading\">6 &#8211; Terraza del Bolatoki. Los combates de Andatza <\/h2>\n\n<p>Desde aqu\u00ed se puede ver el monte Andatza, justo enfrente. All\u00ed hubo un <a href=\"https:\/\/usurbil1936.eus\/gudalekuak\/andatzako-lubakiak\/\">frente b\u00e9lico<\/a> compuesto por trincheras cuya principal funci\u00f3n consist\u00eda en defender Donostia-San Sebasti\u00e1n y dificultar el avance de los fascistas que ven\u00edan de Buruntzaldea. Este frente formaba parte de una l\u00ednea de defensa m\u00e1s amplia. <\/p>\n\n<figure class=\"wp-block-gallery has-nested-images columns-default is-cropped wp-block-gallery-1 is-layout-flex wp-block-gallery-is-layout-flex\">\n<figure class=\"wp-block-image size-large\"><a href=\"https:\/\/usurbil1936.eus\/wp-content\/uploads\/2024\/08\/Ibilbidea-00007-1024x448.jpg\"><img loading=\"lazy\" decoding=\"async\" width=\"1024\" height=\"448\" data-id=\"7787\" src=\"https:\/\/usurbil1936.eus\/wp-content\/uploads\/2024\/08\/Ibilbidea-00007-1024x448.jpg\" alt=\"\" class=\"wp-image-7787\" srcset=\"https:\/\/usurbil1936.eus\/wp-content\/uploads\/2024\/08\/Ibilbidea-00007-1024x448.jpg 1024w, https:\/\/usurbil1936.eus\/wp-content\/uploads\/2024\/08\/Ibilbidea-00007-300x131.jpg 300w, https:\/\/usurbil1936.eus\/wp-content\/uploads\/2024\/08\/Ibilbidea-00007-768x336.jpg 768w, https:\/\/usurbil1936.eus\/wp-content\/uploads\/2024\/08\/Ibilbidea-00007.jpg 1342w\" sizes=\"auto, (max-width: 1024px) 100vw, 1024px\" \/><\/a><\/figure>\n<\/figure>\n\n<p>A partir de principios de agosto de 1936, milicianos de Usurbil y de fuera se dedicaron a preparar la l\u00ednea defensiva. Los enfrentamientos se produjeron entre finales de agosto y el 16 de septiembre. La mayor\u00eda de los gudaris y milicianos que lucharon all\u00ed eran de fuera: Errenderia, Eibar, Bilbo, Donostia, Pasaia, Asturies\u2026 Los milicianos usurbildarras les apoyaban sobre todo en tareas de log\u00edstica e informaci\u00f3n.   <\/p>\n\n<p>Durante dos semanas se produjeron fuertes combates. Por el momento, se han documentado <strong>19 muertos y 55 heridos<\/strong> entre los republicanos. En el lado de los sublevados, la obtenci\u00f3n de datos es m\u00e1s compleja. Solo sabemos que sufrieron decenas de bajas.   <\/p>\n\n<figure class=\"wp-block-gallery has-nested-images columns-default is-cropped wp-block-gallery-2 is-layout-flex wp-block-gallery-is-layout-flex\">\n<figure class=\"wp-block-image size-large\"><a href=\"https:\/\/usurbil1936.eus\/wp-content\/uploads\/2024\/08\/Ibilbidea-00006-1024x768.jpg\"><img loading=\"lazy\" decoding=\"async\" width=\"1024\" height=\"768\" data-id=\"7785\" src=\"https:\/\/usurbil1936.eus\/wp-content\/uploads\/2024\/08\/Ibilbidea-00006-1024x768.jpg\" alt=\"\" class=\"wp-image-7785\" srcset=\"https:\/\/usurbil1936.eus\/wp-content\/uploads\/2024\/08\/Ibilbidea-00006-1024x768.jpg 1024w, https:\/\/usurbil1936.eus\/wp-content\/uploads\/2024\/08\/Ibilbidea-00006-300x225.jpg 300w, https:\/\/usurbil1936.eus\/wp-content\/uploads\/2024\/08\/Ibilbidea-00006-768x576.jpg 768w, https:\/\/usurbil1936.eus\/wp-content\/uploads\/2024\/08\/Ibilbidea-00006.jpg 1062w\" sizes=\"auto, (max-width: 1024px) 100vw, 1024px\" \/><\/a><figcaption class=\"wp-element-caption\">Fotograf\u00eda: Aitor Azurki<\/figcaption><\/figure>\n<\/figure>\n\n<p>Como dato curioso, a pesar de no haber participado en esos combates, el primer muerto y el \u00faltimo en el frente de Andatza fueron dos usurbildarras: <a href=\"https:\/\/usurbil1936.eus\/pertsonak\/aburruza-otegui-jose\/\">Jose Aburruza<\/a> y <a href=\"https:\/\/usurbil1936.eus\/pertsonak\/urdanpilleta-aristimuno-santiago\/\">Santiago Urdanpilleta<\/a>. Tambi\u00e9n cabe destacar que el 05\/09\/1936 el comandante <a href=\"https:\/\/usurbil1936.eus\/pertsonak\/saseta-etxeberria-kandido\/\">Kandido Saseta<\/a> result\u00f3 herido en ese frente.  <\/p>\n\n<p>Durante los veranos de 2022 y 2023 se realizaron excavaciones arqueol\u00f3gicas<sup data-fn=\"1c574176-fa50-4d79-88d8-0f833b4891f3\" class=\"fn\"><a href=\"#1c574176-fa50-4d79-88d8-0f833b4891f3\" id=\"1c574176-fa50-4d79-88d8-0f833b4891f3-link\">1<\/a><\/sup> y se recuperaron varias trincheras. Para poder visitarlas se ha se\u00f1alizado la <a href=\"https:\/\/usurbil1936.eus\/es\/rutas\/ruta-de-la-memoria-de-andatza\/\"> Ruta de la Memoria de Andatza.<\/a>El 13 de abril de 2024 se realiz\u00f3 una visita teatralizada para inaugurar ese itinerario.  <\/p>\n\n<div style=\"height:60px\" aria-hidden=\"true\" class=\"wp-block-spacer\"><\/div>\n\n<hr class=\"wp-block-separator has-alpha-channel-opacity\"\/>\n<ol class=\"wp-block-footnotes\"><li id=\"1c574176-fa50-4d79-88d8-0f833b4891f3\">El material b\u00e9lico encontrado en las excavaciones arqueol\u00f3gicas se puede ver en la siguiente parada (Sutegi).  <a href=\"#1c574176-fa50-4d79-88d8-0f833b4891f3-link\" aria-label=\"Saltar a la referencia de la nota 1\">\u21a9\ufe0e<\/a><\/li><\/ol>","protected":false},"excerpt":{"rendered":"<p>6 &#8211; Terraza del Bolatoki. Los combates de Andatza Desde aqu\u00ed se puede ver el monte Andatza, justo enfrente. All\u00ed hubo un frente b\u00e9lico compuesto por trincheras cuya principal funci\u00f3n consist\u00eda en defender Donostia-San Sebasti\u00e1n y dificultar el avance de los fascistas que ven\u00edan de Buruntzaldea. Este frente formaba parte de una l\u00ednea de defensa [&hellip;]<\/p>\n","protected":false},"author":1,"featured_media":0,"parent":8007,"menu_order":0,"comment_status":"closed","ping_status":"closed","template":"page-ibilbidea.php","meta":{"footnotes":"[{\"id\":\"1c574176-fa50-4d79-88d8-0f833b4891f3\",\"content\":\"El material b\\u00e9lico encontrado en las excavaciones arqueol\\u00f3gicas se puede ver en la siguiente parada (Sutegi). \"}]"},"class_list":["post-8013","page","type-page","status-publish","hentry"],"acf":[],"_links":{"self":[{"href":"https:\/\/usurbil1936.eus\/es\/wp-json\/wp\/v2\/pages\/8013","targetHints":{"allow":["GET"]}}],"collection":[{"href":"https:\/\/usurbil1936.eus\/es\/wp-json\/wp\/v2\/pages"}],"about":[{"href":"https:\/\/usurbil1936.eus\/es\/wp-json\/wp\/v2\/types\/page"}],"author":[{"embeddable":true,"href":"https:\/\/usurbil1936.eus\/es\/wp-json\/wp\/v2\/users\/1"}],"replies":[{"embeddable":true,"href":"https:\/\/usurbil1936.eus\/es\/wp-json\/wp\/v2\/comments?post=8013"}],"version-history":[{"count":4,"href":"https:\/\/usurbil1936.eus\/es\/wp-json\/wp\/v2\/pages\/8013\/revisions"}],"predecessor-version":[{"id":8030,"href":"https:\/\/usurbil1936.eus\/es\/wp-json\/wp\/v2\/pages\/8013\/revisions\/8030"}],"up":[{"embeddable":true,"href":"https:\/\/usurbil1936.eus\/es\/wp-json\/wp\/v2\/pages\/8007"}],"wp:attachment":[{"href":"https:\/\/usurbil1936.eus\/es\/wp-json\/wp\/v2\/media?parent=8013"}],"curies":[{"name":"wp","href":"https:\/\/api.w.org\/{rel}","templated":true}]}}