{"id":8032,"date":"2024-08-19T12:02:03","date_gmt":"2024-08-19T10:02:03","guid":{"rendered":"https:\/\/usurbil1936.eus\/rutas\/ruta-de-la-memoria\/casa-olano\/"},"modified":"2024-10-08T22:41:46","modified_gmt":"2024-10-08T20:41:46","slug":"casa-olano","status":"publish","type":"page","link":"https:\/\/usurbil1936.eus\/es\/rutas\/ruta-de-la-memoria\/casa-olano\/","title":{"rendered":"Casa Olano"},"content":{"rendered":"\n<h2 class=\"wp-block-heading\">4 &#8211; Casa Olano. Las mujeres en la Guerra<\/h2>\n\n\n\n<p>Al igual que en muchos otros \u00e1mbitos, tambi\u00e9n durante la guerra la aportaci\u00f3n de las mujeres qued\u00f3 en segundo plano. Sin embargo, hemos documentado a varias milicianas que se implicaron directamente, la mayor\u00eda de ellas en tareas de retaguardia: cuidados, servicios, cocina&#8230;<\/p>\n\n\n\n<p>Evidentemente tambi\u00e9n sufrieron represi\u00f3n y persecuci\u00f3n. Cuando los fascistas ocuparon el pueblo, hubo al menos una a quien le cortaron el pelo (<a href=\"https:\/\/usurbil1936.eus\/pertsonak\/izagirre-aldabalde-juana\/\">Juana Izagirre<\/a>). Otras tuvieron que exiliarse, en muchos casos con sus hijos e hijas: <a href=\"https:\/\/usurbil1936.eus\/pertsonak\/agirre-goitia-jacinta\/\">Jaxinta Agirre<\/a>, <a href=\"https:\/\/usurbil1936.eus\/pertsonak\/irastorza-kamino-manuela\/\">Maria Irastorza<\/a>, <a href=\"https:\/\/usurbil1936.eus\/pertsonak\/lizarralde-la-emacume-gregoria\/\">Gregoria Lizarralde<\/a>\u2026 Tambi\u00e9n hubo encarceladas: <a href=\"https:\/\/usurbil1936.eus\/pertsonak\/aramburu-arrillaga-bernarda\/\">Bernarda Aranburu<\/a>; despedidas de su trabajo: la telefonista <a href=\"https:\/\/usurbil1936.eus\/pertsonak\/arruti-eugenia\/\">Eugenia Arruti<\/a>, la maestra <a href=\"https:\/\/usurbil1936.eus\/pertsonak\/olariaga-maria\/\" data-type=\"link\" data-id=\"https:\/\/usurbil1936.eus\/pertsonak\/olariaga-maria\/\">Maria Olariaga<\/a>\u2026, y una, <a href=\"https:\/\/usurbil1936.eus\/pertsonak\/zubiria-urruzmendi-romana\/\">Romana Zubiria<\/a>, fue fusilada en Donostia con su marido.  <\/p>\n\n\n\n<figure class=\"wp-block-gallery has-nested-images columns-default is-cropped wp-block-gallery-1 is-layout-flex wp-block-gallery-is-layout-flex\">\n<figure class=\"wp-block-image size-large\"><a href=\"https:\/\/usurbil1936.eus\/wp-content\/uploads\/2024\/08\/Ibilbidea-00011.png\"><img loading=\"lazy\" decoding=\"async\" width=\"534\" height=\"733\" data-id=\"7795\" src=\"https:\/\/usurbil1936.eus\/wp-content\/uploads\/2024\/08\/Ibilbidea-00011.png\" alt=\"\" class=\"wp-image-7795\" srcset=\"https:\/\/usurbil1936.eus\/wp-content\/uploads\/2024\/08\/Ibilbidea-00011.png 534w, https:\/\/usurbil1936.eus\/wp-content\/uploads\/2024\/08\/Ibilbidea-00011-219x300.png 219w\" sizes=\"auto, (max-width: 534px) 100vw, 534px\" \/><\/a><\/figure>\n<\/figure>\n\n\n\n<p>En la \u00e9poca de la guerra, en lugar del edificio que vemos aqu\u00ed enfrente, se encontraba la casa Olano, donde se reun\u00edan las militantes de Emakume Abertzale Batza. La hija de la casa, Manuela Olano, era la presidenta. Las mujeres del PNV se dedicaban, principalmente, a la promoci\u00f3n del euskera, de la cultura y tradiciones vascas y a impulsar las ideas nacionalistas. Seg\u00fan algunos testimonios, cuando entraron los fascistas, a varias de ellas les impusieron multas.    <\/p>\n\n\n\n<figure class=\"wp-block-gallery has-nested-images columns-default is-cropped wp-block-gallery-2 is-layout-flex wp-block-gallery-is-layout-flex\">\n<figure class=\"wp-block-image size-large\"><a href=\"https:\/\/usurbil1936.eus\/wp-content\/uploads\/2024\/08\/Ibilbidea-00010.png\"><img loading=\"lazy\" decoding=\"async\" width=\"652\" height=\"484\" data-id=\"7793\" src=\"https:\/\/usurbil1936.eus\/wp-content\/uploads\/2024\/08\/Ibilbidea-00010.png\" alt=\"\" class=\"wp-image-7793\" srcset=\"https:\/\/usurbil1936.eus\/wp-content\/uploads\/2024\/08\/Ibilbidea-00010.png 652w, https:\/\/usurbil1936.eus\/wp-content\/uploads\/2024\/08\/Ibilbidea-00010-300x223.png 300w\" sizes=\"auto, (max-width: 652px) 100vw, 652px\" \/><\/a><\/figure>\n<\/figure>\n\n\n\n<p>Tambi\u00e9n hemos encontrado el rastro de otra mujer usurbildarra, pero que actu\u00f3 a favor de los franquistas. Se trata de <a href=\"https:\/\/usurbil1936.eus\/pertsonak\/sor-angeles\/\">Sor Angeles<\/a>, una monja que estuvo de carcelera en la prisi\u00f3n de mujeres de Saturraran y que, seg\u00fan algunos testimonios de las presas, tuvo un comportamiento muy cruel para con ellas.  <\/p>\n\n\n\n<p>M\u00e1s informaci\u00f3n: <a href=\"https:\/\/usurbil1936.eus\/memoria-historikoa\/emakumeak-gerran\/\">Mujeres en la guerra<\/a><\/p>\n","protected":false},"excerpt":{"rendered":"<p>4 &#8211; Casa Olano. Las mujeres en la Guerra Al igual que en muchos otros \u00e1mbitos, tambi\u00e9n durante la guerra la aportaci\u00f3n de las mujeres qued\u00f3 en segundo plano. Sin embargo, hemos documentado a varias milicianas que se implicaron directamente, la mayor\u00eda de ellas en tareas de retaguardia: cuidados, servicios, cocina&#8230; Evidentemente tambi\u00e9n sufrieron represi\u00f3n [&hellip;]<\/p>\n","protected":false},"author":1,"featured_media":0,"parent":8007,"menu_order":0,"comment_status":"closed","ping_status":"closed","template":"page-ibilbidea.php","meta":{"footnotes":""},"class_list":["post-8032","page","type-page","status-publish","hentry"],"acf":[],"_links":{"self":[{"href":"https:\/\/usurbil1936.eus\/es\/wp-json\/wp\/v2\/pages\/8032","targetHints":{"allow":["GET"]}}],"collection":[{"href":"https:\/\/usurbil1936.eus\/es\/wp-json\/wp\/v2\/pages"}],"about":[{"href":"https:\/\/usurbil1936.eus\/es\/wp-json\/wp\/v2\/types\/page"}],"author":[{"embeddable":true,"href":"https:\/\/usurbil1936.eus\/es\/wp-json\/wp\/v2\/users\/1"}],"replies":[{"embeddable":true,"href":"https:\/\/usurbil1936.eus\/es\/wp-json\/wp\/v2\/comments?post=8032"}],"version-history":[{"count":2,"href":"https:\/\/usurbil1936.eus\/es\/wp-json\/wp\/v2\/pages\/8032\/revisions"}],"predecessor-version":[{"id":8053,"href":"https:\/\/usurbil1936.eus\/es\/wp-json\/wp\/v2\/pages\/8032\/revisions\/8053"}],"up":[{"embeddable":true,"href":"https:\/\/usurbil1936.eus\/es\/wp-json\/wp\/v2\/pages\/8007"}],"wp:attachment":[{"href":"https:\/\/usurbil1936.eus\/es\/wp-json\/wp\/v2\/media?parent=8032"}],"curies":[{"name":"wp","href":"https:\/\/api.w.org\/{rel}","templated":true}]}}