{"id":8040,"date":"2024-01-30T14:13:59","date_gmt":"2024-01-30T13:13:59","guid":{"rendered":"https:\/\/usurbil1936.eus\/todas-las-rutas\/"},"modified":"2024-10-02T14:26:14","modified_gmt":"2024-10-02T12:26:14","slug":"rutas","status":"publish","type":"page","link":"https:\/\/usurbil1936.eus\/es\/rutas\/","title":{"rendered":"Rutas"},"content":{"rendered":"\n<div style=\"height:30px\" aria-hidden=\"true\" class=\"wp-block-spacer\"><\/div>\n\n\n\n<div style=\"height:30px\" aria-hidden=\"true\" class=\"wp-block-spacer\"><\/div>\n\n\n\n<div class=\"wp-block-columns is-layout-flex wp-container-core-columns-is-layout-7e027da3 wp-block-columns-is-layout-flex\">\n<div class=\"wp-block-column ruta-card mb-4 mb-md-0 has-border-color is-layout-flow wp-block-column-is-layout-flow\" style=\"border-color:#948149;border-width:2px;padding-top:var(--wp--preset--spacing--30);padding-right:var(--wp--preset--spacing--30);padding-bottom:var(--wp--preset--spacing--30);padding-left:var(--wp--preset--spacing--30)\">\n<figure class=\"wp-block-image aligncenter size-large\"><img loading=\"lazy\" decoding=\"async\" width=\"1024\" height=\"387\" src=\"https:\/\/usurbil1936.eus\/wp-content\/uploads\/2024\/04\/froga-1234545-6-1024x387.jpg\" alt=\"\" class=\"wp-image-7572\" srcset=\"https:\/\/usurbil1936.eus\/wp-content\/uploads\/2024\/04\/froga-1234545-6-1024x387.jpg 1024w, https:\/\/usurbil1936.eus\/wp-content\/uploads\/2024\/04\/froga-1234545-6-300x113.jpg 300w, https:\/\/usurbil1936.eus\/wp-content\/uploads\/2024\/04\/froga-1234545-6-768x290.jpg 768w, https:\/\/usurbil1936.eus\/wp-content\/uploads\/2024\/04\/froga-1234545-6-1536x580.jpg 1536w, https:\/\/usurbil1936.eus\/wp-content\/uploads\/2024\/04\/froga-1234545-6.jpg 1932w\" sizes=\"auto, (max-width: 1024px) 100vw, 1024px\" \/><\/figure>\n\n\n\n<p class=\"card-tit\"><strong><a href=\"https:\/\/usurbil1936.eus\/es\/todas-las-rutas\/ruta-de-la-memoria-de-andatza\/\" data-type=\"link\" data-id=\"https:\/\/usurbil1936.eus\/ibilbideak\/andatzako-ibilbidea\/andatza\/\/\"><\/a><\/strong><a href=\"https:\/\/usurbil1936.eus\/es\/rutas\/ruta-de-la-memoria-de-andatza\/\" data-type=\"page\" data-id=\"7508\">RUTA DE LA MEMORIA DE ANDATZA<\/a><\/p>\n\n\n\n<p class=\"has-small-font-size\">La guerra surgida tras la sublevaci\u00f3n militar de 1936 tambi\u00e9n tuvo presencia en las monta\u00f1as de Usurbil. En el monte Andatza hemos buscado las pistas que dejaron las trincheras y las hemos encontrado. Tras una exhaustiva limpieza y excavaci\u00f3n arqueol\u00f3gica en los meses de verano de 2022 y 2023, hemos culminado <em>la Ruta de la Memoria de Andatza<\/em> para exponer este patrimonio hist\u00f3rico. Para marcar el camino y facilitar las explicaciones se han colocado flechas, paneles y t\u00f3tems con QR en los lugares m\u00e1s destacados.<\/p>\n<\/div>\n\n\n\n<div class=\"wp-block-column ruta-card has-border-color is-layout-flow wp-container-core-column-is-layout-2a10179c wp-block-column-is-layout-flow\" style=\"border-color:#948149;border-width:2px;padding-top:var(--wp--preset--spacing--30);padding-right:var(--wp--preset--spacing--30);padding-bottom:var(--wp--preset--spacing--30);padding-left:var(--wp--preset--spacing--30)\">\n<figure class=\"wp-block-image alignfull size-full\"><img loading=\"lazy\" decoding=\"async\" width=\"2560\" height=\"1780\" src=\"https:\/\/usurbil1936.eus\/wp-content\/uploads\/2022\/09\/Vista-parcial-de-Usurbil-en-Coior-scaled.jpg\" alt=\"\" class=\"wp-image-2183\" srcset=\"https:\/\/usurbil1936.eus\/wp-content\/uploads\/2022\/09\/Vista-parcial-de-Usurbil-en-Coior-scaled.jpg 2560w, https:\/\/usurbil1936.eus\/wp-content\/uploads\/2022\/09\/Vista-parcial-de-Usurbil-en-Coior-300x209.jpg 300w, https:\/\/usurbil1936.eus\/wp-content\/uploads\/2022\/09\/Vista-parcial-de-Usurbil-en-Coior-1024x712.jpg 1024w, https:\/\/usurbil1936.eus\/wp-content\/uploads\/2022\/09\/Vista-parcial-de-Usurbil-en-Coior-768x534.jpg 768w, https:\/\/usurbil1936.eus\/wp-content\/uploads\/2022\/09\/Vista-parcial-de-Usurbil-en-Coior-1536x1068.jpg 1536w, https:\/\/usurbil1936.eus\/wp-content\/uploads\/2022\/09\/Vista-parcial-de-Usurbil-en-Coior-2048x1424.jpg 2048w\" sizes=\"auto, (max-width: 2560px) 100vw, 2560px\" \/><\/figure>\n\n\n\n<div style=\"height:15px\" aria-hidden=\"true\" class=\"wp-block-spacer\"><\/div>\n\n\n\n<p class=\"card-tit\"><strong><a href=\"https:\/\/usurbil1936.eus\/es\/todas-las-rutas\/ruta-de-la-memoria\/\"><\/a><\/strong><a href=\"https:\/\/usurbil1936.eus\/es\/rutas\/ruta-de-la-memoria\/\" data-type=\"page\" data-id=\"8007\">RUTA DE LA MEMORIA<\/a><\/p>\n\n\n\n<div style=\"height:15px\" aria-hidden=\"true\" class=\"wp-block-spacer\"><\/div>\n\n\n\n<p class=\"has-small-font-size\">La guerra que causaron los militares cuando se sublevaron contra la Rep\u00fablica en julio de 1936, dej\u00f3 una profunda huella tambi\u00e9n en Usurbil. Con los datos, documentos y testimonios recabados hasta el momento, hemos establecido una Ruta de la Memoria al objeto de poner a disposici\u00f3n de quien lo desee la informaci\u00f3n b\u00e1sica sobre lo sucedido. Gracias a los ocho espacios se\u00f1alizados y a los correspondientes c\u00f3digos QR se puede realizar la ruta individualmente. Con el fin de mantener una coherencia m\u00ednima, se recomienda realizar la ruta en el orden num\u00e9rico, es decir, del 1 al 8.   <\/p>\n<\/div>\n<\/div>\n\n\n\n<div style=\"height:100px\" aria-hidden=\"true\" class=\"wp-block-spacer\"><\/div>\n","protected":false},"excerpt":{"rendered":"<p>RUTA DE LA MEMORIA DE ANDATZA La guerra surgida tras la sublevaci\u00f3n militar de 1936 tambi\u00e9n tuvo presencia en las monta\u00f1as de Usurbil. En el monte Andatza hemos buscado las pistas que dejaron las trincheras y las hemos encontrado. Tras una exhaustiva limpieza y excavaci\u00f3n arqueol\u00f3gica en los meses de verano de 2022 y 2023, [&hellip;]<\/p>\n","protected":false},"author":1,"featured_media":7313,"parent":0,"menu_order":0,"comment_status":"closed","ping_status":"closed","template":"","meta":{"footnotes":""},"class_list":["post-8040","page","type-page","status-publish","has-post-thumbnail","hentry"],"acf":[],"_links":{"self":[{"href":"https:\/\/usurbil1936.eus\/es\/wp-json\/wp\/v2\/pages\/8040","targetHints":{"allow":["GET"]}}],"collection":[{"href":"https:\/\/usurbil1936.eus\/es\/wp-json\/wp\/v2\/pages"}],"about":[{"href":"https:\/\/usurbil1936.eus\/es\/wp-json\/wp\/v2\/types\/page"}],"author":[{"embeddable":true,"href":"https:\/\/usurbil1936.eus\/es\/wp-json\/wp\/v2\/users\/1"}],"replies":[{"embeddable":true,"href":"https:\/\/usurbil1936.eus\/es\/wp-json\/wp\/v2\/comments?post=8040"}],"version-history":[{"count":3,"href":"https:\/\/usurbil1936.eus\/es\/wp-json\/wp\/v2\/pages\/8040\/revisions"}],"predecessor-version":[{"id":8043,"href":"https:\/\/usurbil1936.eus\/es\/wp-json\/wp\/v2\/pages\/8040\/revisions\/8043"}],"wp:featuredmedia":[{"embeddable":true,"href":"https:\/\/usurbil1936.eus\/es\/wp-json\/wp\/v2\/media\/7313"}],"wp:attachment":[{"href":"https:\/\/usurbil1936.eus\/es\/wp-json\/wp\/v2\/media?parent=8040"}],"curies":[{"name":"wp","href":"https:\/\/api.w.org\/{rel}","templated":true}]}}